{"id":5489,"date":"2025-05-13T13:46:48","date_gmt":"2025-05-13T19:46:48","guid":{"rendered":"https:\/\/freyjacares.com\/inscripcion\/"},"modified":"2026-03-10T16:57:02","modified_gmt":"2026-03-10T22:57:02","slug":"inscripcion","status":"publish","type":"page","link":"https:\/\/freyjacares.com\/es\/inscripcion\/","title":{"rendered":"Inscripci\u00f3n"},"content":{"rendered":"\t\t<div data-elementor-type=\"wp-page\" data-elementor-id=\"5489\" class=\"elementor elementor-5489 elementor-21\" data-elementor-post-type=\"page\">\n\t\t\t\t<div class=\"elementor-element elementor-element-2c3f60c e-flex e-con-boxed wpr-particle-no wpr-jarallax-no wpr-parallax-no wpr-sticky-section-no wpr-equal-height-no e-con e-parent\" data-id=\"2c3f60c\" data-element_type=\"container\" data-e-type=\"container\" data-settings=\"{&quot;background_background&quot;:&quot;classic&quot;}\">\n\t\t\t\t\t<div class=\"e-con-inner\">\n\t\t<div class=\"elementor-element elementor-element-96787f6 e-con-full e-flex wpr-particle-no wpr-jarallax-no wpr-parallax-no wpr-sticky-section-no wpr-equal-height-no e-con e-child\" data-id=\"96787f6\" data-element_type=\"container\" data-e-type=\"container\">\n\t\t\t\t<div class=\"elementor-element elementor-element-dec1133 elementor-widget elementor-widget-heading\" data-id=\"dec1133\" data-element_type=\"widget\" data-e-type=\"widget\" data-widget_type=\"heading.default\">\n\t\t\t\t<div class=\"elementor-widget-container\">\n\t\t\t\t\t<h1 class=\"elementor-heading-title elementor-size-default\">Inscripci\u00f3n<\/h1>\t\t\t\t<\/div>\n\t\t\t\t<\/div>\n\t\t\t\t<\/div>\n\t\t<div class=\"elementor-element elementor-element-c076c91 e-con-full e-flex wpr-particle-no wpr-jarallax-no wpr-parallax-no wpr-sticky-section-no wpr-equal-height-no e-con e-child\" data-id=\"c076c91\" data-element_type=\"container\" data-e-type=\"container\">\n\t\t\t\t<div class=\"elementor-element elementor-element-f60e95d elementor-widget elementor-widget-image\" data-id=\"f60e95d\" data-element_type=\"widget\" data-e-type=\"widget\" data-widget_type=\"image.default\">\n\t\t\t\t<div class=\"elementor-widget-container\">\n\t\t\t\t\t\t\t\t\t\t\t\t\t\t\t<img fetchpriority=\"high\" decoding=\"async\" width=\"1024\" height=\"683\" src=\"https:\/\/freyjacares.com\/wp-content\/uploads\/2025\/09\/journey-3-1024x683.jpg\" class=\"attachment-large size-large wp-image-5327\" alt=\"Madre y reci\u00e9n nacido. Parto en maternidad. Joven mam\u00e1 abrazando a su beb\u00e9 reci\u00e9n nacido despu\u00e9s del parto. Mujer dando a luz. Primeros momentos de vida del beb\u00e9 tras el parto.\" srcset=\"https:\/\/freyjacares.com\/wp-content\/uploads\/2025\/09\/journey-3-1024x683.jpg 1024w, https:\/\/freyjacares.com\/wp-content\/uploads\/2025\/09\/journey-3-300x200.jpg 300w, https:\/\/freyjacares.com\/wp-content\/uploads\/2025\/09\/journey-3-768x512.jpg 768w, https:\/\/freyjacares.com\/wp-content\/uploads\/2025\/09\/journey-3-1536x1024.jpg 1536w, https:\/\/freyjacares.com\/wp-content\/uploads\/2025\/09\/journey-3-2048x1365.jpg 2048w\" sizes=\"(max-width: 1024px) 100vw, 1024px\" \/>\t\t\t\t\t\t\t\t\t\t\t\t\t\t\t<\/div>\n\t\t\t\t<\/div>\n\t\t\t\t<\/div>\n\t\t\t\t\t<\/div>\n\t\t\t\t<\/div>\n\t\t<div class=\"elementor-element elementor-element-3cf60d8d e-flex e-con-boxed wpr-particle-no wpr-jarallax-no wpr-parallax-no wpr-sticky-section-no wpr-equal-height-no e-con e-parent\" data-id=\"3cf60d8d\" data-element_type=\"container\" data-e-type=\"container\" data-settings=\"{&quot;background_background&quot;:&quot;classic&quot;}\">\n\t\t\t\t\t<div class=\"e-con-inner\">\n\t\t\t\t<div class=\"elementor-element elementor-element-29d655e registration-form elementor-widget elementor-widget-shortcode\" data-id=\"29d655e\" data-element_type=\"widget\" data-e-type=\"widget\" data-widget_type=\"shortcode.default\">\n\t\t\t\t<div class=\"elementor-widget-container\">\n\t\t\t\t\t\t\t<div class=\"elementor-shortcode\"><div class=\"learndash-wrapper ld-registration__outer-wrapper\">\n\t<div class=\"ld-registration__size-wrapper\" style=\"\" >\n\t\t<div\n\t\t\tclass=\"ld-registration__wrapper\"\n\t\t\tdata-js=\"learndash-view\"\n\t\t\tdata-learndash-breakpoints=\"{&quot;breakpoints&quot;:{&quot;mobile&quot;:375,&quot;tablet&quot;:420,&quot;extra-small&quot;:600,&quot;small&quot;:720,&quot;medium&quot;:960,&quot;large&quot;:1240,&quot;wide&quot;:1440}}\"\n\t\t\tdata-learndash-breakpoint-pointer=\"3a2e4599-1721-4fe3-808d-f52abb4fe24c\"\n\t\t>\n\t\t\t\n\t\t\t\t\t\t\t<div class=\"ld-registration__form\">\n\n\t\t\t\t\t<div class=\"ld-registration__register\">\n\t<h2 class=\"ld-registration__heading ld-registration-register__heading\">\n\t\t\t\t\tReg\u00edstrate en\t\t\t<\/h2>\n\n\t<p class=\"ld-registration__p\">\n\t\t\t\t\tAlready have an account?\t\t\t<a class=\"ld-registration__login-link\" role=\"button\" href=\"\">\n\t\t\t\tLog In\t\t\t<\/a>\n\t\t\t<\/p>\n\t<\/div>\n\t\t\t\t\t\t\t\t\t\t<div class=\"ld-registration__login\">\n\t<h2 class=\"ld-registration__heading ld-registration-register__heading\">\n\t\tLog In\t<\/h2>\n\n\t<p class=\"ld-registration__p\">\n\t\t\t\t\tAre you a new user?\t\t\t<a class=\"ld-registration__register-link\" role=\"button\" href=\"https:\/\/freyjacares.com\/es\/wp-login.php?action=register\">\n\t\t\t\tReg\u00edstrate en\t\t\t<\/a>\n\t\t\t<\/p>\n<\/div>\n<div class=\"ld-registration__login-form\">\n\t<form class=\"ld-form\" name=\"loginform\" id=\"loginform\" action=\"https:\/\/freyjacares.com\/es\/wp-login.php\" method=\"post\"><input id=\"learndash-login-form\" type=\"hidden\" name=\"learndash-login-form\" value=\"4d674ae473\" \/><p class=\"login-username\">\n\t\t\t\t<label for=\"user_login\">Username or Email Address *<\/label>\n\t\t\t\t<input type=\"text\" name=\"log\" id=\"user_login\" autocomplete=\"username\" class=\"input ld-form__field\" value=\"\" size=\"20\" \/>\n\t\t\t<\/p><p class=\"login-password\">\n\t\t\t\t<label for=\"user_pass\">Password *<\/label>\n\t\t\t\t<input type=\"password\" name=\"pwd\" id=\"user_pass\" autocomplete=\"current-password\" spellcheck=\"false\" class=\"input ld-form__field\" value=\"\" size=\"20\" \/>\n\t\t\t<\/p><div class=\"ld-registration__login_options_wrapper\"><p class=\"login-remember\"><label><input name=\"rememberme\" type=\"checkbox\" id=\"rememberme\" value=\"forever\" \/> Recu\u00e9rdame<\/label><\/p>\t\t<p class=\"ld-registration__forgot-password\">\n\t\t\t<a href=\"https:\/\/freyjacares.com\/reset-password\/\">\n\t\t\t\tForgot password?\t\t\t<\/a>\n\t\t<\/p>\n\t\t\n<\/div><p class=\"login-submit\">\n\t\t\t\t<input type=\"submit\" name=\"wp-submit\" id=\"wp-submit\" class=\"button button-primary wp-element-button\" value=\"Acceder\" \/>\n\t\t\t\t<input type=\"hidden\" name=\"redirect_to\" value=\"https:\/\/freyjacares.com\/registration\/\" \/>\n\t\t\t<\/p><\/form><\/div>\n\n\t\t\t\t\t\t\t\t\t\t\t<form\n\tname=\"learndash_registerform\"\n\tid=\"learndash_registerform\"\n\tclass=\"ld-form ld-registration__register-form\"\n\taction=\"https:\/\/freyjacares.com\/es\/wp-login.php?action=register\"\n\tdata-learndash-validate=\"true\"\n\tmethod=\"post\"\n>\n\t<div class=\"ld-form__field-outer-wrapper learndash-registration-field learndash-registration-field-username learndash-required\">\n\t<label for=\"username\">\n\tUsername\t\t\t<span class=\"required\">(obligatorio)<\/span>\t<\/label>\n\t<div class=\"ld-form__field-wrapper ld-form__field-wrapper--type-text ld-form__field-username-wrapper\">\n\t<input\n\trequired\ttype=\"text\"\n\tid=\"username\"\n\tname=\"user_login\"\n\tvalue=\"\"\n\tclass=\"ld-form__field ld-form__field-user_login ld-form__field--type-text\"\n\t\/>\n<\/div>\n<\/div>\n\t\t\t\t\t\t<div class=\"ld-form__field-outer-wrapper learndash-registration-field learndash-registration-field-email learndash-required\">\n\t<label for=\"email\">\n\tEmail\t\t\t<span class=\"required\">(obligatorio)<\/span>\t<\/label>\n\t<div class=\"ld-form__field-wrapper ld-form__field-wrapper--type-email ld-form__field-email-wrapper\">\n\t<input\n\trequired\ttype=\"email\"\n\tid=\"email\"\n\tname=\"user_email\"\n\tvalue=\"\"\n\tclass=\"ld-form__field ld-form__field-user_email ld-form__field--type-email\"\n\t\/>\n<\/div>\n<\/div>\n\t\t\t\t\t\t<div class=\"ld-form__field-outer-wrapper learndash-registration-field learndash-registration-field-first_name learndash-required\">\n\t<label for=\"first_name\">\n\tFirst Name\t\t\t<span class=\"required\">(obligatorio)<\/span>\t<\/label>\n\t<div class=\"ld-form__field-wrapper ld-form__field-wrapper--type-text ld-form__field-first_name-wrapper\">\n\t<input\n\trequired\ttype=\"text\"\n\tid=\"first_name\"\n\tname=\"first_name\"\n\tvalue=\"\"\n\tclass=\"ld-form__field ld-form__field-first_name ld-form__field--type-text\"\n\t\/>\n<\/div>\n<\/div>\n\t\t\t\t\t\t<div class=\"ld-form__field-outer-wrapper learndash-registration-field learndash-registration-field-last_name learndash-required\">\n\t<label for=\"last_name\">\n\tLast Name\t\t\t<span class=\"required\">(obligatorio)<\/span>\t<\/label>\n\t<div class=\"ld-form__field-wrapper ld-form__field-wrapper--type-text ld-form__field-last_name-wrapper\">\n\t<input\n\trequired\ttype=\"text\"\n\tid=\"last_name\"\n\tname=\"last_name\"\n\tvalue=\"\"\n\tclass=\"ld-form__field ld-form__field-last_name ld-form__field--type-text\"\n\t\/>\n<\/div>\n<\/div>\n\t\t\t\t\t\t<div class=\"ld-form__field-outer-wrapper learndash-registration-field learndash-registration-field-password learndash-required\">\n\t<label for=\"password\">\n\tPassword\t\t\t<span class=\"required\">(obligatorio)<\/span>\t<\/label>\n\t<div class=\"ld-form__field-wrapper ld-form__field-wrapper--type-password ld-form__field-password-wrapper\">\n\t<input\n\trequired\ttype=\"password\"\n\tid=\"password\"\n\tname=\"password\"\n\tvalue=\"\"\n\tclass=\"ld-form__field ld-form__field-password ld-form__field--type-password ld-form__field--needs-password-strength\"\n\taria-describedby=\"ld-password-strength__meter\"\/>\n\t<button\n\t\ttype=\"button\"\n\t\tclass=\"ld-button ld-button--secondary ld-button--border ld-button__password-visibility-toggle ld--ignore-inline-css\"\n\t\taria-label=\"Toggle password visibility\"\n\t\taria-live=\"polite\"\n\t>\n\t\tMostra\t<\/button>\n<\/div>\n<\/div>\n\t\t\t\t\t\t\t<p class=\"ld-password-strength__hint\">\n\t\t\t\t\tA medium-strength password is needed to register. Tip: Try at least 12 characters long containing letters, numbers, and special characters.\t\t\t\t<\/p>\n\t\t\t\t\t\t<p><input type=\"hidden\" id=\"ms_recaptcha_response\" name=\"ms_recaptcha_response\" value=\"\"><\/p>\t<input name=\"ld_register_id\" value=\"0\" type=\"hidden\" \/>\n\t<input type=\"hidden\" name=\"learndash-registration-form\" value=\"4a8407059d\" \/>\n\t<input type=\"hidden\" name=\"redirect_to\" value=\"https:\/\/freyjacares.com\/es\/inscripcion\/?ld-registered=true&#038;ld_register_id=0\" \/>\n\t<p class=\"ld-registration__register-submit-wrapper\">\n\t\t<input\n\t\t\ttype=\"submit\"\n\t\t\tname=\"wp-submit\"\n\t\t\tid=\"wp-submit-register\"\n\t\t\tclass=\"button button-primary button-large wp-element-button\"\n\t\t\tvalue=\"Reg\u00edstrate en\"\n\t\t\/>\n\t<\/p>\n<\/form>\n\t\t\t\t\t\t\t\t\t<\/div>\n\t\t\t\n\t\t\t\t\t<\/div>\n\t<\/div>\n<\/div>\n<script class=\"learndash-breakpoints\">\n\t( function () {\n\t\tlet completed = false;\n\n\t\t\/**\n\t\t * Initializes the LearnDash Breakpoints.\n\t\t *\n\t\t * @since 4.16.0\n\t\t *\/\n\t\tfunction initBreakpoints() {\n\t\t\tif ( completed ) {\n\t\t\t\t\/\/ This was fired already and completed no need to attach to the event listener.\n\t\t\t\tdocument.removeEventListener( 'DOMContentLoaded', initBreakpoints );\n\t\t\t\treturn;\n\t\t\t}\n\n\t\t\tif (\n\t\t\t\t'undefined' === typeof window.learndash ||\n\t\t\t\t'undefined' === typeof window.learndash.views ||\n\t\t\t\t'undefined' === typeof window.learndash.views.breakpoints ||\n\t\t\t\t'function' !== typeof (window.learndash.views.breakpoints.setup)\n\t\t\t) {\n\t\t\t\treturn;\n\t\t\t}\n\n\t\t\tconst container = document.querySelector(\n\t\t\t\t'[data-learndash-breakpoint-pointer=\"3a2e4599-1721-4fe3-808d-f52abb4fe24c\"]'\n\t\t\t);\n\n\t\t\tif ( ! container ) {\n\t\t\t\treturn;\n\t\t\t}\n\n\t\t\twindow.learndash.views.breakpoints.setup( container );\n\t\t\tcompleted = true;\n\t\t\t\/\/ This was fired already and completed no need to attach to the event listener.\n\t\t\tdocument.removeEventListener( 'DOMContentLoaded', initBreakpoints );\n\t\t}\n\n\t\t\/\/ Try to init the breakpoints right away.\n\t\tinitBreakpoints();\n\t\tdocument.addEventListener( 'DOMContentLoaded', initBreakpoints );\n\t})();\n<\/script>\n<\/div>\n\t\t\t\t\t\t<\/div>\n\t\t\t\t<\/div>\n\t\t\t\t\t<\/div>\n\t\t\t\t<\/div>\n\t\t\t\t<\/div>\n\t\t","protected":false},"excerpt":{"rendered":"<p>Inscripci\u00f3n<\/p>\n","protected":false},"author":1,"featured_media":0,"parent":0,"menu_order":0,"comment_status":"closed","ping_status":"closed","template":"elementor_header_footer","meta":{"_acf_changed":false,"_eb_attr":"","site-sidebar-layout":"default","site-content-layout":"","ast-site-content-layout":"default","site-content-style":"default","site-sidebar-style":"default","ast-global-header-display":"","ast-banner-title-visibility":"","ast-main-header-display":"","ast-hfb-above-header-display":"","ast-hfb-below-header-display":"","ast-hfb-mobile-header-display":"","site-post-title":"disabled","ast-breadcrumbs-content":"","ast-featured-img":"","footer-sml-layout":"","ast-disable-related-posts":"","theme-transparent-header-meta":"","adv-header-id-meta":"","stick-header-meta":"","header-above-stick-meta":"","header-main-stick-meta":"","header-below-stick-meta":"","astra-migrate-meta-layouts":"default","ast-page-background-enabled":"default","ast-page-background-meta":{"desktop":{"background-color":"var(--ast-global-color-5)","background-image":"","background-repeat":"repeat","background-position":"center center","background-size":"auto","background-attachment":"scroll","background-type":"","background-media":"","overlay-type":"","overlay-color":"","overlay-opacity":"","overlay-gradient":""},"tablet":{"background-color":"","background-image":"","background-repeat":"repeat","background-position":"center center","background-size":"auto","background-attachment":"scroll","background-type":"","background-media":"","overlay-type":"","overlay-color":"","overlay-opacity":"","overlay-gradient":""},"mobile":{"background-color":"","background-image":"","background-repeat":"repeat","background-position":"center center","background-size":"auto","background-attachment":"scroll","background-type":"","background-media":"","overlay-type":"","overlay-color":"","overlay-opacity":"","overlay-gradient":""}},"ast-content-background-meta":{"desktop":{"background-color":"var(--ast-global-color-4)","background-image":"","background-repeat":"repeat","background-position":"center center","background-size":"auto","background-attachment":"scroll","background-type":"","background-media":"","overlay-type":"","overlay-color":"","overlay-opacity":"","overlay-gradient":""},"tablet":{"background-color":"var(--ast-global-color-4)","background-image":"","background-repeat":"repeat","background-position":"center center","background-size":"auto","background-attachment":"scroll","background-type":"","background-media":"","overlay-type":"","overlay-color":"","overlay-opacity":"","overlay-gradient":""},"mobile":{"background-color":"var(--ast-global-color-4)","background-image":"","background-repeat":"repeat","background-position":"center center","background-size":"auto","background-attachment":"scroll","background-type":"","background-media":"","overlay-type":"","overlay-color":"","overlay-opacity":"","overlay-gradient":""}},"footnotes":""},"class_list":["post-5489","page","type-page","status-publish","hentry"],"acf":[],"_links":{"self":[{"href":"https:\/\/freyjacares.com\/es\/wp-json\/wp\/v2\/pages\/5489","targetHints":{"allow":["GET"]}}],"collection":[{"href":"https:\/\/freyjacares.com\/es\/wp-json\/wp\/v2\/pages"}],"about":[{"href":"https:\/\/freyjacares.com\/es\/wp-json\/wp\/v2\/types\/page"}],"author":[{"embeddable":true,"href":"https:\/\/freyjacares.com\/es\/wp-json\/wp\/v2\/users\/1"}],"replies":[{"embeddable":true,"href":"https:\/\/freyjacares.com\/es\/wp-json\/wp\/v2\/comments?post=5489"}],"version-history":[{"count":2,"href":"https:\/\/freyjacares.com\/es\/wp-json\/wp\/v2\/pages\/5489\/revisions"}],"predecessor-version":[{"id":6603,"href":"https:\/\/freyjacares.com\/es\/wp-json\/wp\/v2\/pages\/5489\/revisions\/6603"}],"wp:attachment":[{"href":"https:\/\/freyjacares.com\/es\/wp-json\/wp\/v2\/media?parent=5489"}],"curies":[{"name":"wp","href":"https:\/\/api.w.org\/{rel}","templated":true}]}}