{"id":5476,"date":"2025-05-12T23:37:47","date_gmt":"2025-05-13T05:37:47","guid":{"rendered":"https:\/\/freyjacares.com\/cuenta\/"},"modified":"2026-02-25T05:54:30","modified_gmt":"2026-02-25T11:54:30","slug":"cuenta","status":"publish","type":"page","link":"https:\/\/freyjacares.com\/es\/cuenta\/","title":{"rendered":"Mi cuenta"},"content":{"rendered":"\t\t<div data-elementor-type=\"wp-page\" data-elementor-id=\"5476\" class=\"elementor elementor-5476 elementor-12\" data-elementor-post-type=\"page\">\n\t\t\t\t<div class=\"elementor-element elementor-element-651178f e-flex e-con-boxed wpr-particle-no wpr-jarallax-no wpr-parallax-no wpr-sticky-section-no e-con e-parent\" data-id=\"651178f\" data-element_type=\"container\" data-e-type=\"container\" data-settings=\"{&quot;background_background&quot;:&quot;classic&quot;}\">\n\t\t\t\t\t<div class=\"e-con-inner\">\n\t\t<div class=\"elementor-element elementor-element-6d3d37c e-con-full e-flex wpr-particle-no wpr-jarallax-no wpr-parallax-no wpr-sticky-section-no e-con e-child\" data-id=\"6d3d37c\" data-element_type=\"container\" data-e-type=\"container\">\n\t\t\t\t<div class=\"elementor-element elementor-element-b775d57 elementor-widget elementor-widget-heading\" data-id=\"b775d57\" data-element_type=\"widget\" data-e-type=\"widget\" data-widget_type=\"heading.default\">\n\t\t\t\t<div class=\"elementor-widget-container\">\n\t\t\t\t\t<h1 class=\"elementor-heading-title elementor-size-default\">Cuenta<\/h1>\t\t\t\t<\/div>\n\t\t\t\t<\/div>\n\t\t\t\t<\/div>\n\t\t<div class=\"elementor-element elementor-element-f4e2125 e-con-full e-flex wpr-particle-no wpr-jarallax-no wpr-parallax-no wpr-sticky-section-no e-con e-child\" data-id=\"f4e2125\" data-element_type=\"container\" data-e-type=\"container\">\n\t\t\t\t<div class=\"elementor-element elementor-element-7bc3127 elementor-widget elementor-widget-image\" data-id=\"7bc3127\" data-element_type=\"widget\" data-e-type=\"widget\" data-widget_type=\"image.default\">\n\t\t\t\t<div class=\"elementor-widget-container\">\n\t\t\t\t\t\t\t\t\t\t\t\t\t\t\t<img fetchpriority=\"high\" decoding=\"async\" width=\"1024\" height=\"679\" src=\"https:\/\/freyjacares.com\/wp-content\/uploads\/2025\/08\/virtual-2-1024x679.jpg\" class=\"attachment-large size-large wp-image-5461\" alt=\"Vista superior del vientre de una embarazada con ecograf\u00eda de beb\u00e9 haciendo una videollamada en el port\u00e1til con el m\u00e9dico\" srcset=\"https:\/\/freyjacares.com\/wp-content\/uploads\/2025\/08\/virtual-2-1024x679.jpg 1024w, https:\/\/freyjacares.com\/wp-content\/uploads\/2025\/08\/virtual-2-300x199.jpg 300w, https:\/\/freyjacares.com\/wp-content\/uploads\/2025\/08\/virtual-2-768x509.jpg 768w, https:\/\/freyjacares.com\/wp-content\/uploads\/2025\/08\/virtual-2-1536x1018.jpg 1536w, https:\/\/freyjacares.com\/wp-content\/uploads\/2025\/08\/virtual-2-2048x1357.jpg 2048w\" sizes=\"(max-width: 1024px) 100vw, 1024px\" \/>\t\t\t\t\t\t\t\t\t\t\t\t\t\t\t<\/div>\n\t\t\t\t<\/div>\n\t\t\t\t<\/div>\n\t\t\t\t\t<\/div>\n\t\t\t\t<\/div>\n\t\t<div class=\"elementor-element elementor-element-6c2e6952 e-flex e-con-boxed wpr-particle-no wpr-jarallax-no wpr-parallax-no wpr-sticky-section-no e-con e-parent\" data-id=\"6c2e6952\" data-element_type=\"container\" data-e-type=\"container\" data-settings=\"{&quot;shape_divider_top&quot;:&quot;split&quot;,&quot;shape_divider_bottom&quot;:&quot;split&quot;}\">\n\t\t\t\t\t<div class=\"e-con-inner\">\n\t\t\t\t<div class=\"elementor-shape elementor-shape-top\" aria-hidden=\"true\" data-negative=\"false\">\n\t\t\t<svg xmlns=\"http:\/\/www.w3.org\/2000\/svg\" viewBox=\"0 0 1000 20\" preserveAspectRatio=\"none\">\n\t<path class=\"elementor-shape-fill\" d=\"M0,0v3c0,0,393.8,0,483.4,0c9.2,0,16.6,7.4,16.6,16.6c0-9.1,7.4-16.6,16.6-16.6C606.2,3,1000,3,1000,3V0H0z\"\/>\n<\/svg>\t\t<\/div>\n\t\t\t\t<div class=\"elementor-shape elementor-shape-bottom\" aria-hidden=\"true\" data-negative=\"false\">\n\t\t\t<svg xmlns=\"http:\/\/www.w3.org\/2000\/svg\" viewBox=\"0 0 1000 20\" preserveAspectRatio=\"none\">\n\t<path class=\"elementor-shape-fill\" d=\"M0,0v3c0,0,393.8,0,483.4,0c9.2,0,16.6,7.4,16.6,16.6c0-9.1,7.4-16.6,16.6-16.6C606.2,3,1000,3,1000,3V0H0z\"\/>\n<\/svg>\t\t<\/div>\n\t\t\t\t<div class=\"elementor-element elementor-element-e647326 elementor-widget elementor-widget-shortcode\" data-id=\"e647326\" data-element_type=\"widget\" data-e-type=\"widget\" data-widget_type=\"shortcode.default\">\n\t\t\t\t<div class=\"elementor-widget-container\">\n\t\t\t\t\t\t\t<div class=\"elementor-shortcode\"><div class=\"ms-account-wrapper\"> <\/div>\n<div class=\"ms-membership-form-wrapper\">\t\t<h2><\/h2>\t\t\t\t<div class=\"ms-alert-box ms-alert-error ms-auth-header\" role=\"alert\">\t\t\tInicia sesi\u00f3n para acceder a esta p\u00e1gina.\t\t<\/div>\t\t\t<div class=\"ms-login-form\"><form name=\"loginform\" id=\"loginform\" action=\"login\" method=\"post\" class=\"ms-form ms-form-login ms-has-labels autofocus\" style=\"\"> <div class=\"form\"> <input type=\"hidden\" id=\"_membership_auth_nonce\" name=\"_membership_auth_nonce\" value=\"f8445df8e0\" \/><input type=\"hidden\" name=\"_wp_http_referer\" value=\"\/es\/wp-json\/wp\/v2\/pages\/5476\" \/>\t\t\t\t<input id=\"learndash-login-form\" type=\"hidden\" name=\"learndash-login-form\" value=\"660cb91c18\" \/>\t\t\t\t\t\t\t\t\t\t\t\t\t\t\t\t<div class=\"status\" style=\"display:none\"><\/div> <p class=\"login-username ms-field\"> <label for=\"user_name\"> Username\t\t\t\t\t\t<\/label> <input type=\"text\" name=\"log\" id=\"user_name\" class=\"input focus\" value=\"\" size=\"20\" placeholder=\"Username\"> <\/p> <p class=\"login-password ms-field\"> <label for=\"user_pass\"> Password\t\t\t\t\t\t<\/label> <input type=\"password\" name=\"pwd\" id=\"user_pass\" class=\"input\" value=\"\" size=\"20\" placeholder=\"Password\"> <\/p> <p class=\"login-remember ms-field\"> <input name=\"rememberme\" type=\"checkbox\" id=\"rememberme\" value=\"forever\" \/> <label for=\"rememberme\"> Remember Me\t\t\t\t\t<\/label> <\/p> <p><input type=\"hidden\" id=\"ms_recaptcha_response\" name=\"ms_recaptcha_response\" value=\"\"><\/p>\t\t\t\t<p class=\"login-submit\"> <input type=\"submit\" name=\"wp-submit\" id=\"form-submit\" class=\"button-primary\" value=\"Log In\" \/> <input type=\"hidden\" name=\"redirect_to\" value=\"https:\/\/freyjacares.com\/es\/cuenta\/\" \/> <\/p> <div class=\"nav\"> <p><a class=\"ms-register\" href=\"https:\/\/freyjacares.com\/es\/registrate-en\/?step=register\">Reg\u00edstrate en<\/a><\/p>\t\t\t\t\t<p> <a class=\"lost\" href=\"#lostpassword\"> \u00bfHas perdido tu contrase\u00f1a?\t\t\t\t\t\t<\/a> <\/p> <\/div> <\/div> <\/form><form name=\"lostpasswordform\" id=\"lostpasswordform\" action=\"lostpassword\" method=\"post\" class=\"ms-form ms-form-lost ms-has-labels\" style=\"display:none\"> <div class=\"form\"> <input type=\"hidden\" id=\"_membership_auth_lostpass_nonce\" name=\"_membership_auth_lostpass_nonce\" value=\"903e6f81d4\" \/><input type=\"hidden\" name=\"_wp_http_referer\" value=\"\/es\/wp-json\/wp\/v2\/pages\/5476\" \/>\t\t\t\t\t\t\t\t\t\t\t\t\t<div class=\"status\" style=\"display:none\"><\/div> <p class=\"lostpassword-username ms-field\"> <label for=\"user_login\" > Username or E-mail\t\t\t\t\t\t<\/label> <input type=\"text\" name=\"user_login\" id=\"user_login\" class=\"input focus\" value=\"\" size=\"20\" placeholder=\"Username or E-mail\" \/> <\/p> <p class=\"submit\"> <input type=\"submit\" name=\"wp-submit\" id=\"wp-submit\" class=\"button-primary\" value=\"Reset Password\" \/> <\/p> <div class=\"nav\"> <p><a class=\"ms-register\" href=\"https:\/\/freyjacares.com\/es\/registrate-en\/?step=register\">Reg\u00edstrate en<\/a><\/p>\t\t\t\t\t<p><a class=\"login\" href=\"#login\">Log in<\/a><\/p> <\/div> <\/div> <\/form><\/div><\/div>\n<\/div>\n\t\t\t\t\t\t<\/div>\n\t\t\t\t<\/div>\n\t\t\t\t\t<\/div>\n\t\t\t\t<\/div>\n\t\t\t\t<\/div>\n\t\t","protected":false},"excerpt":{"rendered":"<p>Cuenta<\/p>\n","protected":false},"author":1,"featured_media":0,"parent":0,"menu_order":0,"comment_status":"closed","ping_status":"closed","template":"elementor_header_footer","meta":{"_acf_changed":false,"_eb_attr":"","site-sidebar-layout":"default","site-content-layout":"","ast-site-content-layout":"default","site-content-style":"default","site-sidebar-style":"default","ast-global-header-display":"","ast-banner-title-visibility":"","ast-main-header-display":"","ast-hfb-above-header-display":"","ast-hfb-below-header-display":"","ast-hfb-mobile-header-display":"","site-post-title":"disabled","ast-breadcrumbs-content":"","ast-featured-img":"","footer-sml-layout":"","ast-disable-related-posts":"","theme-transparent-header-meta":"","adv-header-id-meta":"","stick-header-meta":"","header-above-stick-meta":"","header-main-stick-meta":"","header-below-stick-meta":"","astra-migrate-meta-layouts":"default","ast-page-background-enabled":"default","ast-page-background-meta":{"desktop":{"background-color":"var(--ast-global-color-5)","background-image":"","background-repeat":"repeat","background-position":"center center","background-size":"auto","background-attachment":"scroll","background-type":"","background-media":"","overlay-type":"","overlay-color":"","overlay-opacity":"","overlay-gradient":""},"tablet":{"background-color":"","background-image":"","background-repeat":"repeat","background-position":"center center","background-size":"auto","background-attachment":"scroll","background-type":"","background-media":"","overlay-type":"","overlay-color":"","overlay-opacity":"","overlay-gradient":""},"mobile":{"background-color":"","background-image":"","background-repeat":"repeat","background-position":"center center","background-size":"auto","background-attachment":"scroll","background-type":"","background-media":"","overlay-type":"","overlay-color":"","overlay-opacity":"","overlay-gradient":""}},"ast-content-background-meta":{"desktop":{"background-color":"var(--ast-global-color-4)","background-image":"","background-repeat":"repeat","background-position":"center center","background-size":"auto","background-attachment":"scroll","background-type":"","background-media":"","overlay-type":"","overlay-color":"","overlay-opacity":"","overlay-gradient":""},"tablet":{"background-color":"var(--ast-global-color-4)","background-image":"","background-repeat":"repeat","background-position":"center center","background-size":"auto","background-attachment":"scroll","background-type":"","background-media":"","overlay-type":"","overlay-color":"","overlay-opacity":"","overlay-gradient":""},"mobile":{"background-color":"var(--ast-global-color-4)","background-image":"","background-repeat":"repeat","background-position":"center center","background-size":"auto","background-attachment":"scroll","background-type":"","background-media":"","overlay-type":"","overlay-color":"","overlay-opacity":"","overlay-gradient":""}},"footnotes":""},"class_list":["post-5476","page","type-page","status-publish","hentry"],"acf":[],"_links":{"self":[{"href":"https:\/\/freyjacares.com\/es\/wp-json\/wp\/v2\/pages\/5476","targetHints":{"allow":["GET"]}}],"collection":[{"href":"https:\/\/freyjacares.com\/es\/wp-json\/wp\/v2\/pages"}],"about":[{"href":"https:\/\/freyjacares.com\/es\/wp-json\/wp\/v2\/types\/page"}],"author":[{"embeddable":true,"href":"https:\/\/freyjacares.com\/es\/wp-json\/wp\/v2\/users\/1"}],"replies":[{"embeddable":true,"href":"https:\/\/freyjacares.com\/es\/wp-json\/wp\/v2\/comments?post=5476"}],"version-history":[{"count":2,"href":"https:\/\/freyjacares.com\/es\/wp-json\/wp\/v2\/pages\/5476\/revisions"}],"predecessor-version":[{"id":5814,"href":"https:\/\/freyjacares.com\/es\/wp-json\/wp\/v2\/pages\/5476\/revisions\/5814"}],"wp:attachment":[{"href":"https:\/\/freyjacares.com\/es\/wp-json\/wp\/v2\/media?parent=5476"}],"curies":[{"name":"wp","href":"https:\/\/api.w.org\/{rel}","templated":true}]}}